{"id":139,"date":"2013-11-10T19:16:10","date_gmt":"2013-11-10T19:16:10","guid":{"rendered":"http:\/\/madaide.org\/?page_id=139"},"modified":"2014-05-04T01:08:05","modified_gmt":"2014-05-04T01:08:05","slug":"ueber-madagaskar","status":"publish","type":"page","link":"http:\/\/madaide.org\/?page_id=139","title":{"rendered":"\u00dcber Madagaskar"},"content":{"rendered":"<p><a href=\"http:\/\/madaide.org\/wp-content\/uploads\/2013\/11\/MADAkarte.jpg\"><img decoding=\"async\" loading=\"lazy\" class=\"alignnone size-full wp-image-563\" alt=\"MADAkarte\" src=\"http:\/\/madaide.org\/wp-content\/uploads\/2013\/11\/MADAkarte.jpg\" width=\"725\" height=\"600\" srcset=\"http:\/\/madaide.org\/wp-content\/uploads\/2013\/11\/MADAkarte.jpg 725w, http:\/\/madaide.org\/wp-content\/uploads\/2013\/11\/MADAkarte-300x248.jpg 300w\" sizes=\"(max-width: 725px) 100vw, 725px\" \/><\/a><\/p>\n<p>Madagaskar liegt vor der Ostk\u00fcste Mosambiks im Indischen Ozean und hat eine Fl\u00e4che von knapp 587.000 Quadratkilometern. Die Insel ist nach Indonesien, der zweitgr\u00f6\u00dfte Inselstaat der Welt, gemessen an der Fl\u00e4che. Madagaskar war von 1896 bis es 1960 die Unabh\u00e4ngigkeit erreichte eine franz\u00f6sische Kolonie. Noch heute ist Franz\u00f6sisch neben Madagassisch Amtssprache.<\/p>\n<p>Die madagaskische Bev\u00f6lkerung (ca. 22.000.000 Einwohner) setzt sich aus verschiedenen Ethnien zusammen, neben den Madagassen sind haups\u00e4chlich Komerer, Franzosen sowie Chinesen und Inder vertreten.<\/p>\n<p>Gemessen an dem HDI (Human Development Index) z\u00e4hlt Madagaskar zu den L\u00e4ndern mit niedriger menschlichen Entwicklung und ist mit einem HDI von 0,483 im Jahr 2012 an 151.Stelle der insgesamt 187 gelisteten L\u00e4ndern. Zum Vergleich: Deutschland befindet sich mit einem HDI von 0,920 an 5. Stelle der Rangliste.<\/p>\n<p>Die durchschnittliche Kinderrate madagaskischer Frauen betr\u00e4gt 4,45 Kinder \/ pro Frau. Die Lebenserwartung liegt bei 66,1 Jahre f\u00fcr Frauen und 62,0 Jahren f\u00fcr M\u00e4nner.<\/p>\n","protected":false},"excerpt":{"rendered":"<p>Madagaskar liegt vor der Ostk\u00fcste Mosambiks im Indischen Ozean und hat eine Fl\u00e4che von knapp 587.000 Quadratkilometern. Die Insel ist nach Indonesien, der zweitgr\u00f6\u00dfte Inselstaat der Welt, gemessen an der Fl\u00e4che. Madagaskar war von 1896 bis es 1960 die Unabh\u00e4ngigkeit erreichte eine franz\u00f6sische Kolonie. Noch heute ist Franz\u00f6sisch neben Madagassisch Amtssprache. Die madagaskische Bev\u00f6lkerung (ca.&hellip;<\/p>\n","protected":false},"author":2,"featured_media":0,"parent":0,"menu_order":0,"comment_status":"closed","ping_status":"open","template":"","meta":{"ngg_post_thumbnail":0},"_links":{"self":[{"href":"http:\/\/madaide.org\/index.php?rest_route=\/wp\/v2\/pages\/139"}],"collection":[{"href":"http:\/\/madaide.org\/index.php?rest_route=\/wp\/v2\/pages"}],"about":[{"href":"http:\/\/madaide.org\/index.php?rest_route=\/wp\/v2\/types\/page"}],"author":[{"embeddable":true,"href":"http:\/\/madaide.org\/index.php?rest_route=\/wp\/v2\/users\/2"}],"replies":[{"embeddable":true,"href":"http:\/\/madaide.org\/index.php?rest_route=%2Fwp%2Fv2%2Fcomments&post=139"}],"version-history":[{"count":4,"href":"http:\/\/madaide.org\/index.php?rest_route=\/wp\/v2\/pages\/139\/revisions"}],"predecessor-version":[{"id":565,"href":"http:\/\/madaide.org\/index.php?rest_route=\/wp\/v2\/pages\/139\/revisions\/565"}],"wp:attachment":[{"href":"http:\/\/madaide.org\/index.php?rest_route=%2Fwp%2Fv2%2Fmedia&parent=139"}],"curies":[{"name":"wp","href":"https:\/\/api.w.org\/{rel}","templated":true}]}}