{"id":143,"date":"2013-11-10T19:20:52","date_gmt":"2013-11-10T19:20:52","guid":{"rendered":"http:\/\/madaide.org\/?page_id=143"},"modified":"2018-10-28T17:14:47","modified_gmt":"2018-10-28T17:14:47","slug":"vereinsgruendungsmitglieder","status":"publish","type":"page","link":"http:\/\/madaide.org\/?page_id=143","title":{"rendered":"Vorstandsmitglieder"},"content":{"rendered":"<p><strong><a href=\"http:\/\/madaide.org\/wp-content\/uploads\/2013\/11\/CIMG99532.jpg\"><img decoding=\"async\" loading=\"lazy\" width=\"300\" height=\"225\" class=\"alignleft size-medium wp-image-372\" style=\"margin-right: 10px; margin-left: 10px;\" alt=\"CIMG9953\" src=\"http:\/\/madaide.org\/wp-content\/uploads\/2013\/11\/CIMG99532-300x225.jpg\" srcset=\"http:\/\/madaide.org\/wp-content\/uploads\/2013\/11\/CIMG99532-300x225.jpg 300w, http:\/\/madaide.org\/wp-content\/uploads\/2013\/11\/CIMG99532-1024x768.jpg 1024w, http:\/\/madaide.org\/wp-content\/uploads\/2013\/11\/CIMG99532.jpg 1280w\" sizes=\"(max-width: 300px) 100vw, 300px\" \/><\/a>Katharina Bickl, (1. Vorsitzende)<\/strong><\/p>\n<p><em>&#8222;Was gibt es Sch\u00f6neres als mit einem Kinderlachen belohnt zu werden?&#8220;<\/em><\/p>\n<p>&nbsp;<\/p>\n<p>&nbsp;<\/p>\n<p>&nbsp;<\/p>\n<p>&nbsp;<\/p>\n<p>&nbsp;<\/p>\n<p>&nbsp;<\/p>\n<p><strong>Johanna Barth, (2. Vorsitzende)<a href=\"http:\/\/madaide.org\/wp-content\/uploads\/2013\/12\/JB2.jpg\"><img decoding=\"async\" loading=\"lazy\" width=\"176\" height=\"300\" class=\"size-medium wp-image-350 alignright\" style=\"margin-right: 10px; margin-left: 10px;\" alt=\"JB2\" src=\"http:\/\/madaide.org\/wp-content\/uploads\/2013\/12\/JB2-176x300.jpg\" srcset=\"http:\/\/madaide.org\/wp-content\/uploads\/2013\/12\/JB2-176x300.jpg 176w, http:\/\/madaide.org\/wp-content\/uploads\/2013\/12\/JB2.jpg 382w\" sizes=\"(max-width: 176px) 100vw, 176px\" \/><\/a><\/strong><\/p>\n<p>Der Sport und das Fu\u00dfballtraining bieten den Kindern und Jugendlichen in Antsirabe nicht nur eine tempor\u00e4re Zuflucht aus ihrem harten Alltag, sondern lehrt ihnen auch die f\u00fcr die Gestaltung ihrer Zukunft fundamentale Tugenden &#8211; Teamgeist, Dispziplin und Ehrgeiz. Gemeinsam mit den Ehrenamtlichen vor Ort k\u00f6nnen wir mit unseren Projekten ohne Umwege helfen und viele M\u00fcnder zum L\u00e4cheln bringen.<\/p>\n<p>&nbsp;<\/p>\n<p>&nbsp;<\/p>\n<p>&nbsp;<\/p>\n<p>&nbsp;<\/p>\n<p>&nbsp;<\/p>\n<p>&nbsp;<\/p>\n<p><strong><a href=\"http:\/\/madaide.org\/wp-content\/uploads\/2013\/12\/P10102611.jpg\"><img decoding=\"async\" loading=\"lazy\" width=\"300\" height=\"200\" class=\"alignleft size-medium wp-image-355\" style=\"margin-right: 10px; margin-left: 10px;\" alt=\"P1010261\" src=\"http:\/\/madaide.org\/wp-content\/uploads\/2013\/12\/P10102611-300x200.jpg\" srcset=\"http:\/\/madaide.org\/wp-content\/uploads\/2013\/12\/P10102611-300x200.jpg 300w, http:\/\/madaide.org\/wp-content\/uploads\/2013\/12\/P10102611.jpg 800w\" sizes=\"(max-width: 300px) 100vw, 300px\" \/><\/a>Jeffrey Dissmann, (Schatzmeister)<\/strong><\/p>\n<p>&nbsp;<\/p>\n<p>&nbsp;<\/p>\n<p>&nbsp;<\/p>\n<p>&nbsp;<\/p>\n<p>&nbsp;<\/p>\n<p>&nbsp;<\/p>\n<p><strong style=\"font-size: 13px;\">Ter<\/strong><strong style=\"font-size: 13px;\">esa Exner, (Schriftf\u00fchrerin)<\/strong><a href=\"http:\/\/madaide.org\/wp-content\/uploads\/2013\/11\/IMG_1377_bearbeitet.jpg\"><img decoding=\"async\" loading=\"lazy\" width=\"300\" height=\"157\" class=\"size-medium wp-image-221 alignright\" style=\"margin-right: 10px; margin-left: 10px;\" alt=\"IMG_1377_bearbeitet\" src=\"http:\/\/madaide.org\/wp-content\/uploads\/2013\/11\/IMG_1377_bearbeitet-300x157.jpg\" srcset=\"http:\/\/madaide.org\/wp-content\/uploads\/2013\/11\/IMG_1377_bearbeitet-300x157.jpg 300w, http:\/\/madaide.org\/wp-content\/uploads\/2013\/11\/IMG_1377_bearbeitet-1024x536.jpg 1024w, http:\/\/madaide.org\/wp-content\/uploads\/2013\/11\/IMG_1377_bearbeitet-624x326.jpg 624w\" sizes=\"(max-width: 300px) 100vw, 300px\" \/><\/a><\/p>\n<p>&nbsp;<\/p>\n<p>&nbsp;<\/p>\n<p>&nbsp;<\/p>\n","protected":false},"excerpt":{"rendered":"<p>Katharina Bickl, (1. Vorsitzende) &#8222;Was gibt es Sch\u00f6neres als mit einem Kinderlachen belohnt zu werden?&#8220; &nbsp; &nbsp; &nbsp; &nbsp; &nbsp; &nbsp; Johanna Barth, (2. Vorsitzende) Der Sport und das Fu\u00dfballtraining bieten den Kindern und Jugendlichen in Antsirabe nicht nur eine tempor\u00e4re Zuflucht aus ihrem harten Alltag, sondern lehrt ihnen auch die f\u00fcr die Gestaltung ihrer&hellip;<\/p>\n","protected":false},"author":1,"featured_media":0,"parent":0,"menu_order":0,"comment_status":"closed","ping_status":"open","template":"","meta":{"ngg_post_thumbnail":0},"_links":{"self":[{"href":"http:\/\/madaide.org\/index.php?rest_route=\/wp\/v2\/pages\/143"}],"collection":[{"href":"http:\/\/madaide.org\/index.php?rest_route=\/wp\/v2\/pages"}],"about":[{"href":"http:\/\/madaide.org\/index.php?rest_route=\/wp\/v2\/types\/page"}],"author":[{"embeddable":true,"href":"http:\/\/madaide.org\/index.php?rest_route=\/wp\/v2\/users\/1"}],"replies":[{"embeddable":true,"href":"http:\/\/madaide.org\/index.php?rest_route=%2Fwp%2Fv2%2Fcomments&post=143"}],"version-history":[{"count":27,"href":"http:\/\/madaide.org\/index.php?rest_route=\/wp\/v2\/pages\/143\/revisions"}],"predecessor-version":[{"id":854,"href":"http:\/\/madaide.org\/index.php?rest_route=\/wp\/v2\/pages\/143\/revisions\/854"}],"wp:attachment":[{"href":"http:\/\/madaide.org\/index.php?rest_route=%2Fwp%2Fv2%2Fmedia&parent=143"}],"curies":[{"name":"wp","href":"https:\/\/api.w.org\/{rel}","templated":true}]}}