{"id":145,"date":"2013-11-10T19:20:02","date_gmt":"2013-11-10T19:20:02","guid":{"rendered":"http:\/\/madaide.org\/?page_id=145"},"modified":"2018-11-03T15:57:24","modified_gmt":"2018-11-03T15:57:24","slug":"ueber-den-verein","status":"publish","type":"page","link":"http:\/\/madaide.org\/?page_id=145","title":{"rendered":"\u00dcber den Verein"},"content":{"rendered":"<p>Im August 2013 habe ich (Kathi, die Wei\u00dfe auf dem Bild) meinen Urlaub auf Madagaskar verbracht. Madagaskar gilt als Entwicklungsland und z\u00e4hlt zu den \u00e4rmsten L\u00e4ndern der Welt. W\u00e4hrend meines Urlaubs habe ich Jean Noel (im Bild rechts in brauner Jacke) kennengelernt, er ist Guide und hat 2010 den Verein <a title=\"A.S.C.A.S. Association sportive et culturelle Ambalavato Sud\" href=\"http:\/\/madaide.org\/?page_id=494\">A.S.C.A.S. \u201eAssociation sportive et culturelle de Ambalavato sud\u201c<\/a> in seinem Viertel in Antsirabe gegr\u00fcndet. Mittlerweile kommen rund 90 Kinder und Jugendliche im Alter von 5-20 Jahren regelm\u00e4\u00dfig zum Training. Jean Noel wird hierbei von 12 weiteren ehrenamtlichen Trainern unterst\u00fctzt, neben Fu\u00dfball gibt es auch andere sportliche Aktivit\u00e4ten im Programm.<\/p>\n<p style=\"text-align: center;\"><img decoding=\"async\" loading=\"lazy\" width=\"625\" height=\"416\" class=\"size-large wp-image-185 aligncenter\" alt=\"IMG_8944\" src=\"http:\/\/madaide.org\/wp-content\/uploads\/2013\/11\/IMG_8944-1024x682.jpg\" srcset=\"http:\/\/madaide.org\/wp-content\/uploads\/2013\/11\/IMG_8944-1024x682.jpg 1024w, http:\/\/madaide.org\/wp-content\/uploads\/2013\/11\/IMG_8944-300x200.jpg 300w, http:\/\/madaide.org\/wp-content\/uploads\/2013\/11\/IMG_8944-624x416.jpg 624w\" sizes=\"(max-width: 625px) 100vw, 625px\" \/><\/p>\n<p>Mich hat es schwer beeindruckt, dass dieser Mann (selbst Vater von 5 Kindern) neben seinem eigentlichen Beruf einen Verein ins Leben gerufen hat, um den Kindern die M\u00f6glichkeit einer \u201erichtigen\u201c Freizeitbesch\u00e4ftigung zu geben. Neben Sport und Spa\u00df ist ihm vor allem wichtig, die Kinder von der Stra\u00dfe zu holen und ihnen im Zuge des Trainings Disziplin, Erziehung und Teamgedanke f\u00fcr Ihr Leben mitzugeben. Bisher hat er alle Investitionen (es gibt 11 Trikots f\u00fcr die Kleinen und 11 Trikots f\u00fcr die Gro\u00dfen, ein Vereinsbanner sowie 2 B\u00e4lle) aus seiner eigenen Tasche finanziert.<\/p>\n<p>Nachdem dem Verein sonst nichts zur Verf\u00fcgung steht, kam w\u00e4hrend meines Aufenthalts in Madagaskar die Idee auf, Jean Noel in seiner T\u00e4tigkeit von Deutschland aus zu unterst\u00fctzen und den gemeinn\u00fctzigen Verein &#8222;MADAide&#8220; zu gr\u00fcnden.<\/p>\n","protected":false},"excerpt":{"rendered":"<p>Im August 2013 habe ich (Kathi, die Wei\u00dfe auf dem Bild) meinen Urlaub auf Madagaskar verbracht. Madagaskar gilt als Entwicklungsland und z\u00e4hlt zu den \u00e4rmsten L\u00e4ndern der Welt. W\u00e4hrend meines Urlaubs habe ich Jean Noel (im Bild rechts in brauner Jacke) kennengelernt, er ist Guide und hat 2010 den Verein A.S.C.A.S. \u201eAssociation sportive et culturelle&hellip;<\/p>\n","protected":false},"author":1,"featured_media":0,"parent":0,"menu_order":0,"comment_status":"closed","ping_status":"open","template":"","meta":{"ngg_post_thumbnail":0},"_links":{"self":[{"href":"http:\/\/madaide.org\/index.php?rest_route=\/wp\/v2\/pages\/145"}],"collection":[{"href":"http:\/\/madaide.org\/index.php?rest_route=\/wp\/v2\/pages"}],"about":[{"href":"http:\/\/madaide.org\/index.php?rest_route=\/wp\/v2\/types\/page"}],"author":[{"embeddable":true,"href":"http:\/\/madaide.org\/index.php?rest_route=\/wp\/v2\/users\/1"}],"replies":[{"embeddable":true,"href":"http:\/\/madaide.org\/index.php?rest_route=%2Fwp%2Fv2%2Fcomments&post=145"}],"version-history":[{"count":18,"href":"http:\/\/madaide.org\/index.php?rest_route=\/wp\/v2\/pages\/145\/revisions"}],"predecessor-version":[{"id":863,"href":"http:\/\/madaide.org\/index.php?rest_route=\/wp\/v2\/pages\/145\/revisions\/863"}],"wp:attachment":[{"href":"http:\/\/madaide.org\/index.php?rest_route=%2Fwp%2Fv2%2Fmedia&parent=145"}],"curies":[{"name":"wp","href":"https:\/\/api.w.org\/{rel}","templated":true}]}}