{"id":494,"date":"2014-01-05T08:44:52","date_gmt":"2014-01-05T08:44:52","guid":{"rendered":"http:\/\/madaide.org\/?page_id=494"},"modified":"2014-05-04T02:12:21","modified_gmt":"2014-05-04T02:12:21","slug":"a-s-c-a-s-association-sportive-et-culturelle-ambalavato-sud","status":"publish","type":"page","link":"http:\/\/madaide.org\/?page_id=494","title":{"rendered":"A.S.C.A.S. Association sportive et culturelle Ambalavato Sud"},"content":{"rendered":"<p>Unser Verein MADAide unterst\u00fctzt den Verein Association sportive et culturelle Ambalavato Sud (A.S.C.A.S.) in Madagaskar,\u00a0der von Jean Noel 2010 gegr\u00fcndet wurde.\u00a0Wir stehen in engen Kontakt mit ihm, dadurch ist eine effektive Hilfe gew\u00e4hrleistet.<\/p>\n<blockquote><p><img decoding=\"async\" loading=\"lazy\" class=\" wp-image-472 alignleft\" style=\"margin: 10px;\" alt=\"DSC00511 (Small)\" src=\"http:\/\/madaide.org\/wp-content\/uploads\/2013\/12\/DSC00511-Small-199x300.jpg\" width=\"199\" height=\"300\" srcset=\"http:\/\/madaide.org\/wp-content\/uploads\/2013\/12\/DSC00511-Small-199x300.jpg 199w, http:\/\/madaide.org\/wp-content\/uploads\/2013\/12\/DSC00511-Small.jpg 480w\" sizes=\"(max-width: 199px) 100vw, 199px\" \/><em>Mon nom: RAKOTONINDRINA Jean Noel William, n\u00e9 le 24\/12\/72 \u00e0 Antsirabe, mari\u00e9 avec 5 enfants, Guide Touristique National, President de l&#8217;Association ASCAS Ambalavato sud Antsirabe<\/em><\/p>\n<p><em>Dans mon quartier Ambalavato Sud il y a une usine, qui frabique des cigarettes. Les ordures de cette usine sont j\u00e9t\u00e9s dans la rue a cot\u00e9 de chez moi. Les jeunes de Ambalavato ramassent toutes les cigarettes mal faites de la rue et puis ils les fument. Moi aussi avec tous les jeunes de ma gen\u00e9ration nous \u00e9tions victimes de cettes circonstances. J&#8217;ai cr\u00e9\u00e9 A.S.C.A.S. parce que je crois si on fait une education longue terme pour les enfants avec du sport et civisme on peut les sauver a propos des drogues.<\/em><\/p>\n<p><strong><em>Mes id\u00e9es sont:\u00a0prot\u00e9ger les enfants\u00a0co<\/em><\/strong><strong><em>ntre les drogues et\u00a0cr\u00e9er\u00a0une nouvelle gen\u00e9ration sans la drogue.<\/em><\/strong><\/p><\/blockquote>\n<p>Mein Name: RAKOTONINDRINA Jean Noel William, geboren am 24\/12\/1972 in Antsirabe, verheiratet, 5 Kindern, Nationaler Touristen Guide, Pr\u00e4sident des Vereins ASCAS Ambalavato sud Antsirabe&#8220;<\/p>\n<p>&#8222;In meinem Viertel Ambalavato Sud gibt es eine Zigarettenfabrik, deren Abf\u00e4lle bei mir ums Eck weggeschmissen werden. Viele Jugendliche in Ambalavato sammeln den Ausschuss der Zigarettenproduktion von den Stra\u00dfen auf, um ihn dann zu rauchen. Auch ich war mit den anderen Jugendlichen meiner Generation Opfer dieser Umst\u00e4nde. Ich habe A.S.C.A.S. gegr\u00fcndet, da ich glaube, dass man langfristig\u00a0mit einer Erziehung durch Sport und der Vermittlung sozialer Werte die Kinder vor den Drogen sch\u00fctzen kann.<\/p>\n<p><strong>Meine Vision ist: die Kinder vor Drogen sch\u00fctzen und einer neuen Generation zu einem Leben ohne Drogen zu verhelfen.<\/strong><\/p>\n<p>&nbsp;<\/p>\n","protected":false},"excerpt":{"rendered":"<p>Unser Verein MADAide unterst\u00fctzt den Verein Association sportive et culturelle Ambalavato Sud (A.S.C.A.S.) in Madagaskar,\u00a0der von Jean Noel 2010 gegr\u00fcndet wurde.\u00a0Wir stehen in engen Kontakt mit ihm, dadurch ist eine effektive Hilfe gew\u00e4hrleistet. Mon nom: RAKOTONINDRINA Jean Noel William, n\u00e9 le 24\/12\/72 \u00e0 Antsirabe, mari\u00e9 avec 5 enfants, Guide Touristique National, President de l&#8217;Association ASCAS&hellip;<\/p>\n","protected":false},"author":2,"featured_media":0,"parent":145,"menu_order":0,"comment_status":"closed","ping_status":"open","template":"","meta":{"ngg_post_thumbnail":0},"_links":{"self":[{"href":"http:\/\/madaide.org\/index.php?rest_route=\/wp\/v2\/pages\/494"}],"collection":[{"href":"http:\/\/madaide.org\/index.php?rest_route=\/wp\/v2\/pages"}],"about":[{"href":"http:\/\/madaide.org\/index.php?rest_route=\/wp\/v2\/types\/page"}],"author":[{"embeddable":true,"href":"http:\/\/madaide.org\/index.php?rest_route=\/wp\/v2\/users\/2"}],"replies":[{"embeddable":true,"href":"http:\/\/madaide.org\/index.php?rest_route=%2Fwp%2Fv2%2Fcomments&post=494"}],"version-history":[{"count":8,"href":"http:\/\/madaide.org\/index.php?rest_route=\/wp\/v2\/pages\/494\/revisions"}],"predecessor-version":[{"id":567,"href":"http:\/\/madaide.org\/index.php?rest_route=\/wp\/v2\/pages\/494\/revisions\/567"}],"up":[{"embeddable":true,"href":"http:\/\/madaide.org\/index.php?rest_route=\/wp\/v2\/pages\/145"}],"wp:attachment":[{"href":"http:\/\/madaide.org\/index.php?rest_route=%2Fwp%2Fv2%2Fmedia&parent=494"}],"curies":[{"name":"wp","href":"https:\/\/api.w.org\/{rel}","templated":true}]}}