{"id":578,"date":"2014-05-18T19:39:46","date_gmt":"2014-05-18T19:39:46","guid":{"rendered":"http:\/\/madaide.org\/?page_id=578"},"modified":"2014-06-12T10:38:47","modified_gmt":"2014-06-12T10:38:47","slug":"fussballfeld","status":"publish","type":"page","link":"http:\/\/madaide.org\/?page_id=578","title":{"rendered":"Spende ein St\u00fcck Fu\u00dfballplatz"},"content":{"rendered":"<p><iframe loading=\"lazy\" style=\"border: 0pt none; padding: 0pt; margin: 0pt;\" scrolling=\"no\" src=\"http:\/\/field.madaide.org\/soccerfield.php\" width=\"1200\" height=\"625\" frameborder=\"0\" marginwidth=\"0\" marginheight=\"0\">Ihr Browser unterst\u00fctzt keine Iframes. <a href='https:\/\/www.betterplace.org\/projects'>Spenden Sie direkt<\/a> auf betterplace.org<\/iframe><\/p>\n<p><em>Durch Deine Spende unterst\u00fctzt Du die Kindern des A.S.C.A.S. Mit dem Geld soll den Kindern das Spielen auf einem Fu\u00dfballplatz erm\u00f6glicht werden. Die Spenden werden \u00fcber <a href=\"http:\/\/www.betterplace.org\">www.betterplace.org<\/a> abgewickelt die uns bei diesem Projekt unterst\u00fctzen.<br \/>\nVielen Dank f\u00fcr Deine Hilfe!<br \/>\n<strong>Dein MADAide Team<\/strong><\/em><\/p>\n","protected":false},"excerpt":{"rendered":"<p>Ihr Browser unterst\u00fctzt keine Iframes. Spenden Sie direkt auf betterplace.org Durch Deine Spende unterst\u00fctzt Du die Kindern des A.S.C.A.S. Mit dem Geld soll den Kindern das Spielen auf einem Fu\u00dfballplatz erm\u00f6glicht werden. Die Spenden werden \u00fcber www.betterplace.org abgewickelt die uns bei diesem Projekt unterst\u00fctzen. Vielen Dank f\u00fcr Deine Hilfe! Dein MADAide Team<\/p>\n","protected":false},"author":1,"featured_media":0,"parent":0,"menu_order":0,"comment_status":"closed","ping_status":"open","template":"page-templates\/template-full-width.php","meta":{"ngg_post_thumbnail":0},"_links":{"self":[{"href":"http:\/\/madaide.org\/index.php?rest_route=\/wp\/v2\/pages\/578"}],"collection":[{"href":"http:\/\/madaide.org\/index.php?rest_route=\/wp\/v2\/pages"}],"about":[{"href":"http:\/\/madaide.org\/index.php?rest_route=\/wp\/v2\/types\/page"}],"author":[{"embeddable":true,"href":"http:\/\/madaide.org\/index.php?rest_route=\/wp\/v2\/users\/1"}],"replies":[{"embeddable":true,"href":"http:\/\/madaide.org\/index.php?rest_route=%2Fwp%2Fv2%2Fcomments&post=578"}],"version-history":[{"count":22,"href":"http:\/\/madaide.org\/index.php?rest_route=\/wp\/v2\/pages\/578\/revisions"}],"predecessor-version":[{"id":634,"href":"http:\/\/madaide.org\/index.php?rest_route=\/wp\/v2\/pages\/578\/revisions\/634"}],"wp:attachment":[{"href":"http:\/\/madaide.org\/index.php?rest_route=%2Fwp%2Fv2%2Fmedia&parent=578"}],"curies":[{"name":"wp","href":"https:\/\/api.w.org\/{rel}","templated":true}]}}