{"id":67,"date":"2013-11-07T22:36:47","date_gmt":"2013-11-07T22:36:47","guid":{"rendered":"http:\/\/madaide.org\/?page_id=67"},"modified":"2022-12-14T13:52:38","modified_gmt":"2022-12-14T13:52:38","slug":"kontakt-und-spende","status":"publish","type":"page","link":"http:\/\/madaide.org\/?page_id=67","title":{"rendered":"Kontakt und Spende"},"content":{"rendered":"<h2>Kontakt:<\/h2>\n<address>MADAide e.V.<\/address>\n<address>S\u00e4bener Str.37<\/address>\n<address>81547 M\u00fcnchen<\/address>\n<p><a href=\"mailto:info@madaide.org\">info@madaide.org<\/a><\/p>\n<h2>Spenden:<\/h2>\n<p>Spenden helfen uns, unsere Projekte umzusetzen. Vielen Dank f\u00fcr Eure Unterst\u00fctzung<\/p>\n<div><strong>Konto: <\/strong>MADAide e.V.<\/div>\n<div><strong>Kontonummer: <\/strong>1003235890<\/div>\n<div><strong>BLZ:<\/strong> 701 500 00<\/div>\n<div><strong>IBAN:<\/strong> DE90701500001003235890<\/div>\n<div><strong>BIC:<\/strong> SSKMDEMM Stadtsparkasse M\u00fcnchen<\/div>\n<div>&nbsp;<\/div>\n<div>Gerne stellen wir f\u00fcr Deine Spende eine Spendenquittung aus.<br \/>\nSchick einfach eine E-Mail an&nbsp;<a href=\"mailto:susanne.seul@jumpstart-ev.de\">j<\/a>effrey.dissmann@madaide.org&nbsp;mit deinem Namen und deiner Anschrift.&nbsp; Spenden und Mitgliedsbeitr\u00e4ge sind steuerlich absetzbar, da wir ein <strong>eingetragener gemeinn\u00fctziger Verein<\/strong> sind (Amtsgericht M\u00fcnchen, VR 205254).<\/div>\n<div>&nbsp;<\/div>\n<h2>Mitglied werden:<\/h2>\n<p>Werde jetzt Mitglied und&nbsp;unterst\u00fctze uns:<\/p>\n<p><a href=\"http:\/\/madaide.org\/wp-content\/uploads\/2022\/12\/20221213_Beitrittserklaerung_MADAide.pdf\">Beitrittserkl\u00e4rung MADAide e.V.<\/a><\/p>\n<p>Der Mitgliedsbeitrag bel\u00e4uft sich auf 1\u20ac pro Monat. Bei Fragen schreibe einfach eine Email an&nbsp;<a href=\"mailto:Veronika.Brandstetter@madaide.org\">Veronika.Brandstetter@madaide.org<\/a>.<\/p>\n","protected":false},"excerpt":{"rendered":"<p>Kontakt: MADAide e.V. S\u00e4bener Str.37 81547 M\u00fcnchen info@madaide.org Spenden: Spenden helfen uns, unsere Projekte umzusetzen. Vielen Dank f\u00fcr Eure Unterst\u00fctzung Konto: MADAide e.V. Kontonummer: 1003235890 BLZ: 701 500 00 IBAN: DE90701500001003235890 BIC: SSKMDEMM Stadtsparkasse M\u00fcnchen &nbsp; Gerne stellen wir f\u00fcr Deine Spende eine Spendenquittung aus. Schick einfach eine E-Mail an&nbsp;jeffrey.dissmann@madaide.org&nbsp;mit deinem Namen und deiner Anschrift.&nbsp;&hellip;<\/p>\n","protected":false},"author":1,"featured_media":0,"parent":0,"menu_order":0,"comment_status":"closed","ping_status":"open","template":"","meta":{"ngg_post_thumbnail":0},"_links":{"self":[{"href":"http:\/\/madaide.org\/index.php?rest_route=\/wp\/v2\/pages\/67"}],"collection":[{"href":"http:\/\/madaide.org\/index.php?rest_route=\/wp\/v2\/pages"}],"about":[{"href":"http:\/\/madaide.org\/index.php?rest_route=\/wp\/v2\/types\/page"}],"author":[{"embeddable":true,"href":"http:\/\/madaide.org\/index.php?rest_route=\/wp\/v2\/users\/1"}],"replies":[{"embeddable":true,"href":"http:\/\/madaide.org\/index.php?rest_route=%2Fwp%2Fv2%2Fcomments&post=67"}],"version-history":[{"count":13,"href":"http:\/\/madaide.org\/index.php?rest_route=\/wp\/v2\/pages\/67\/revisions"}],"predecessor-version":[{"id":992,"href":"http:\/\/madaide.org\/index.php?rest_route=\/wp\/v2\/pages\/67\/revisions\/992"}],"wp:attachment":[{"href":"http:\/\/madaide.org\/index.php?rest_route=%2Fwp%2Fv2%2Fmedia&parent=67"}],"curies":[{"name":"wp","href":"https:\/\/api.w.org\/{rel}","templated":true}]}}