{"id":846,"date":"2018-10-28T16:54:49","date_gmt":"2018-10-28T16:54:49","guid":{"rendered":"http:\/\/madaide.org\/?page_id=846"},"modified":"2021-12-19T15:39:48","modified_gmt":"2021-12-19T15:39:48","slug":"impressum","status":"publish","type":"page","link":"http:\/\/madaide.org\/?page_id=846","title":{"rendered":"Impressum"},"content":{"rendered":"<p>MADAide e.V.<br \/>\nS\u00e4bener. Str. 37<br \/>\n81547 M\u00fcnchen<br \/>\nVertreten durch: Katharina R\u00f6mersperger, Johanna Stier, Jeffrey Dissmann, Teresa Pfefferer<br \/>\nKontakt: <a href=\"mailto:info@madaide.org\">info@madaide.org<\/a><\/p>\n<p>&nbsp;<\/p>\n<p><strong>Registereintrag:<\/strong><\/p>\n<p>Eintragung im Handelsregister.<br \/>\nRegistergericht: Amtsgericht M\u00fcnchen<br \/>\nRegisternummer: VR 205254<\/p>\n<p>&nbsp;<\/p>\n<p><strong>Verantwortlich f\u00fcr den Inhalt nach \u00a7 55 Abs. 2 RStV:<\/strong><\/p>\n<p>Vorstand MADAide e.V.<br \/>\nKatharina R\u00f6mersperger \/ Johanna Stier \/ Jeffrey Dissmann \/ Teresa Pfefferer<br \/>\nS\u00e4bener. Str. 37<br \/>\n81547 M\u00fcnchen<\/p>\n<p>&nbsp;<\/p>\n<p><strong>Haftungsausschluss:<\/strong><\/p>\n<p><b>Haftung f\u00fcr Inhalte<\/b><\/p>\n<p>Die Inhalte unserer Seiten wurden mit gr\u00f6\u00dfter Sorgfalt erstellt.F\u00fcr die Richtigkeit, Vollst\u00e4ndigkeit und Aktualit\u00e4t der Inhalte&nbsp;k\u00f6nnen wir jedoch keine Gew\u00e4hr \u00fcbernehmen. Als Diensteanbieter sind wir gem\u00e4\u00df \u00a7 7 Abs.1 TMG f\u00fcr&nbsp;eigene Inhalte auf diesen Seiten nach den allgemeinen Gesetzen verantwortlich.Nach \u00a7\u00a7 8 bis 10 TMG sind wir als Diensteanbieter jedoch nicht&nbsp;verpflichtet, \u00fcbermittelte oder gespeicherte fremde Informationen zu&nbsp;\u00fcberwachen oder nach Umst\u00e4nden zu forschen, die auf eine rechtswidrige T\u00e4tigkeit hinweisen. Verpflichtungen zur Entfernung oder Sperrung der Nutzung von Informationen nach den allgemeinen Gesetzen bleiben hiervon unber\u00fchrt. Eine diesbez\u00fcgliche Haftung ist jedoch erst ab dem Zeitpunkt der Kenntnis einer konkreten Rechtsverletzung m\u00f6glich. Bei&nbsp;Bekanntwerden von entsprechenden Rechtsverletzungen werden wir diese Inhalte umgehend entfernen.<\/p>\n<p><b>Haftung f\u00fcr Links<\/b><\/p>\n<p>Unser Angebot enth\u00e4lt Links zu externen Webseiten Dritter, auf deren Inhalte wir keinen Einfluss haben. Deshalb k\u00f6nnen wir f\u00fcr diese fremden Inhalte auch keine Gew\u00e4hr \u00fcbernehmen. F\u00fcr die Inhalte der verlinkten Seiten ist stets der jeweilige Anbieter oder Betreiber der Seiten verantwortlich. Die verlinkten Seiten wurden zum Zeitpunkt der Verlinkung auf m\u00f6gliche Rechtsverst\u00f6\u00dfe \u00fcberpr\u00fcft. Rechtswidrige Inhalte waren zum Zeitpunkt der Verlinkung nicht erkennbar. Eine permanente inhaltliche Kontrolle der verlinkten Seiten ist jedoch ohne konkrete Anhaltspunkte&nbsp;einer Rechtsverletzung nicht zumutbar. Bei Bekanntwerden von Rechtsverletzungen werden wir derartige Links umgehend entfernen.<\/p>\n<p><b>Urheberrecht<\/b><\/p>\n<p>Die durch die Seitenbetreiber erstellten Inhalte und Werke auf diesen Seiten unterliegen dem deutschen Urheberrecht. Die Vervielf\u00e4ltigung, Bearbeitung, Verbreitung und jede Art der Verwertung au\u00dferhalb der Grenzen des Urheberrechtes bed\u00fcrfen&nbsp;der schriftlichen Zustimmung des jeweiligen Autors bzw. Erstellers. Downloads und Kopien dieser Seite sind nur f\u00fcr den privaten, nicht kommerziellen Gebrauch gestattet. Soweit die Inhalte auf dieser Seite nicht vom Betreiber erstellt wurden, werden die Urheberrechte Dritter beachtet. Insbesondere werden Inhalte Dritter als solche&nbsp;gekennzeichnet. Sollten Sie trotzdem auf eine Urheberrechtsverletzung aufmerksam werden, bitten wir um einen entsprechenden Hinweis. Bei Bekanntwerden von Rechtsverletzungen werden wir derartige Inhalte umgehend entfernen.<\/p>\n<p><b>Datenschutz<\/b><\/p>\n<p>Der Nutzung von im Rahmen der Impressumspflicht ver\u00f6ffentlichten Kontaktdaten durch Dritte zur \u00dcbersendung von nicht ausdr\u00fccklich angeforderter Werbung und Informationsmaterialien wird hiermit ausdr\u00fccklich widersprochen.&nbsp;Die Betreiber der Seiten behalten sich ausdr\u00fccklich rechtliche Schritte im Falle der unverlangten Zusendung von Werbeinformationen, etwa durch Spam-Mails, vor.<\/p>\n<div id=\"window-1\" class=\"window-container io-ox-mail-detail-window chromeless-window\" data-window-nr=\"1\" data-app-name=\"io.ox\/mail\/detail\">\n<div class=\"window-container-center\">\n<div class=\"window-body\">\n<div class=\"abs window-content detail-view-app\">&nbsp;<\/div>\n<\/div>\n<\/div>\n<\/div>\n<p><noscript>&amp;amp;amp;amp;amp;amp;amp;amp;lt;p class=&#8220;noscript&#8220;&amp;amp;amp;amp;amp;amp;amp;amp;gt;This app uses JavaScript. Your browser either doesn&#8217;t support JavaScript or you have it turned off. To use this app please use a JavaScript enabled browser.&amp;amp;amp;amp;amp;amp;amp;amp;lt;\/p&amp;amp;amp;amp;amp;amp;amp;amp;gt;&amp;amp;amp;amp;amp;lt;span id=&#8220;mce_marker&#8220; data-mce-type=&#8220;bookmark&#8220; data-mce-fragment=&#8220;1&#8243;&amp;amp;amp;amp;amp;gt;\u200b&amp;amp;amp;amp;amp;lt;\/span&amp;amp;amp;amp;amp;gt;<\/noscript><\/p>\n","protected":false},"excerpt":{"rendered":"<p>MADAide e.V. S\u00e4bener. Str. 37 81547 M\u00fcnchen Vertreten durch: Katharina R\u00f6mersperger, Johanna Stier, Jeffrey Dissmann, Teresa Pfefferer Kontakt: info@madaide.org &nbsp; Registereintrag: Eintragung im Handelsregister. Registergericht: Amtsgericht M\u00fcnchen Registernummer: VR 205254 &nbsp; Verantwortlich f\u00fcr den Inhalt nach \u00a7 55 Abs. 2 RStV: Vorstand MADAide e.V. Katharina R\u00f6mersperger \/ Johanna Stier \/ Jeffrey Dissmann \/ Teresa Pfefferer&hellip;<\/p>\n","protected":false},"author":2,"featured_media":0,"parent":0,"menu_order":0,"comment_status":"closed","ping_status":"closed","template":"","meta":{"ngg_post_thumbnail":0},"_links":{"self":[{"href":"http:\/\/madaide.org\/index.php?rest_route=\/wp\/v2\/pages\/846"}],"collection":[{"href":"http:\/\/madaide.org\/index.php?rest_route=\/wp\/v2\/pages"}],"about":[{"href":"http:\/\/madaide.org\/index.php?rest_route=\/wp\/v2\/types\/page"}],"author":[{"embeddable":true,"href":"http:\/\/madaide.org\/index.php?rest_route=\/wp\/v2\/users\/2"}],"replies":[{"embeddable":true,"href":"http:\/\/madaide.org\/index.php?rest_route=%2Fwp%2Fv2%2Fcomments&post=846"}],"version-history":[{"count":6,"href":"http:\/\/madaide.org\/index.php?rest_route=\/wp\/v2\/pages\/846\/revisions"}],"predecessor-version":[{"id":978,"href":"http:\/\/madaide.org\/index.php?rest_route=\/wp\/v2\/pages\/846\/revisions\/978"}],"wp:attachment":[{"href":"http:\/\/madaide.org\/index.php?rest_route=%2Fwp%2Fv2%2Fmedia&parent=846"}],"curies":[{"name":"wp","href":"https:\/\/api.w.org\/{rel}","templated":true}]}}